{"id":27179,"date":"2025-01-22T12:05:10","date_gmt":"2025-01-22T11:05:10","guid":{"rendered":"https:\/\/www.acrontum.com\/email-anmeldebestaetigung\/"},"modified":"2026-04-23T11:35:58","modified_gmt":"2026-04-23T09:35:58","slug":"email-anmeldebestaetigung","status":"publish","type":"page","link":"https:\/\/www.acrontum.com\/de\/email-anmeldebestaetigung\/","title":{"rendered":"Email &#8211; Anmeldebest\u00e4tigung"},"content":{"rendered":"\t\t<div data-elementor-type=\"wp-page\" data-elementor-id=\"27179\" class=\"elementor elementor-27179 elementor-12577\" data-elementor-post-type=\"page\">\n\t\t\t\t<section class=\"elementor-element elementor-element-794867bd e-flex e-con-boxed e-con e-parent\" data-id=\"794867bd\" data-element_type=\"container\" data-e-type=\"container\">\n\t\t\t\t\t<div class=\"e-con-inner\">\n\t\t<div class=\"elementor-element elementor-element-5b855c9c e-con-full tablet-position-absolute tablet-position-center e-transform e-flex e-con e-child\" data-id=\"5b855c9c\" data-element_type=\"container\" data-e-type=\"container\" data-settings=\"{&quot;background_background&quot;:&quot;classic&quot;,&quot;_transform_translateX_effect_tablet&quot;:{&quot;unit&quot;:&quot;%&quot;,&quot;size&quot;:-50,&quot;sizes&quot;:[]},&quot;_transform_translateX_effect_mobile&quot;:{&quot;unit&quot;:&quot;%&quot;,&quot;size&quot;:&quot;&quot;,&quot;sizes&quot;:[]},&quot;_transform_translateY_effect_tablet&quot;:{&quot;unit&quot;:&quot;%&quot;,&quot;size&quot;:-50,&quot;sizes&quot;:[]},&quot;_transform_translateY_effect_mobile&quot;:{&quot;unit&quot;:&quot;%&quot;,&quot;size&quot;:&quot;&quot;,&quot;sizes&quot;:[]},&quot;_transform_translateX_effect&quot;:{&quot;unit&quot;:&quot;px&quot;,&quot;size&quot;:&quot;&quot;,&quot;sizes&quot;:[]},&quot;_transform_translateX_effect_laptop&quot;:{&quot;unit&quot;:&quot;px&quot;,&quot;size&quot;:&quot;&quot;,&quot;sizes&quot;:[]},&quot;_transform_translateX_effect_tablet_extra&quot;:{&quot;unit&quot;:&quot;px&quot;,&quot;size&quot;:&quot;&quot;,&quot;sizes&quot;:[]},&quot;_transform_translateY_effect&quot;:{&quot;unit&quot;:&quot;px&quot;,&quot;size&quot;:&quot;&quot;,&quot;sizes&quot;:[]},&quot;_transform_translateY_effect_laptop&quot;:{&quot;unit&quot;:&quot;px&quot;,&quot;size&quot;:&quot;&quot;,&quot;sizes&quot;:[]},&quot;_transform_translateY_effect_tablet_extra&quot;:{&quot;unit&quot;:&quot;px&quot;,&quot;size&quot;:&quot;&quot;,&quot;sizes&quot;:[]}}\">\n\t\t\t\t<div class=\"elementor-element elementor-element-6e29da2b elementor-widget elementor-widget-heading\" data-id=\"6e29da2b\" data-element_type=\"widget\" data-e-type=\"widget\" data-widget_type=\"heading.default\">\n\t\t\t\t<div class=\"elementor-widget-container\">\n\t\t\t\t\t<h1 class=\"elementor-heading-title elementor-size-default\">Anmeldung<\/h1>\t\t\t\t<\/div>\n\t\t\t\t<\/div>\n\t\t\t\t<div class=\"elementor-element elementor-element-6064396 elementor-widget elementor-widget-heading\" data-id=\"6064396\" data-element_type=\"widget\" data-e-type=\"widget\" data-widget_type=\"heading.default\">\n\t\t\t\t<div class=\"elementor-widget-container\">\n\t\t\t\t\t<h1 class=\"elementor-heading-title elementor-size-default\">best\u00e4tigt<\/h1>\t\t\t\t<\/div>\n\t\t\t\t<\/div>\n\t\t\t\t<div class=\"elementor-element elementor-element-840f77e elementor-widget elementor-widget-text-editor\" data-id=\"840f77e\" data-element_type=\"widget\" data-e-type=\"widget\" data-widget_type=\"text-editor.default\">\n\t\t\t\t<div class=\"elementor-widget-container\">\n\t\t\t\t\t\t\t\t\t<p>Vielen Dank f\u00fcr die Anmeldung. Wir freuen uns, Sie mit strategischen Impulsen f\u00fcr Ihre digitale Transformation zu begleiten. <\/p><p><strong>Das erwartet Sie k\u00fcnftig:<\/strong> <br>Wir liefern Ihnen gezielte Insights f\u00fcr den Mittelstand, kompakt und praxisnah:<\/p><ul><li><p data-path-to-node=\"6,0,0\"><strong>Digitale Souver\u00e4nit\u00e4t<\/strong>: Strategien f\u00fcr souver\u00e4ne Cloud-L\u00f6sungen und IT-Unabh\u00e4ngigkeit.<\/p><\/li><li><p data-path-to-node=\"6,1,0\"><strong>KI &amp; Effizienz<\/strong>: Wie Sie K\u00fcnstliche Intelligenz und Prozessoptimierung wertsch\u00f6pfend einsetzen.<\/p><\/li><li><p data-path-to-node=\"6,2,0\"><strong>Technologie-Trends<\/strong>: Fundierte Entscheidungshilfen f\u00fcr Ihre IT-Roadmap.<\/p><\/li><\/ul><p>Folgen Sie uns auf <a href=\"https:\/\/linkedin.com\/company\/acrontum-gmbh\/\" target=\"_blank\" rel=\"noopener\">LinkedIn <\/a>f\u00fcr w\u00f6chentliche Updates und aktuelle Fachbeitr\u00e4ge.<\/p>\t\t\t\t\t\t\t\t<\/div>\n\t\t\t\t<\/div>\n\t\t\t\t<\/div>\n\t\t<div class=\"elementor-element elementor-element-2b7b36c0 e-con-full e-flex e-con e-child\" data-id=\"2b7b36c0\" data-element_type=\"container\" data-e-type=\"container\">\n\t\t\t\t<div class=\"elementor-element elementor-element-b8fd88 elementor-widget__width-inherit elementor-widget elementor-widget-image\" data-id=\"b8fd88\" data-element_type=\"widget\" data-e-type=\"widget\" data-widget_type=\"image.default\">\n\t\t\t\t<div class=\"elementor-widget-container\">\n\t\t\t\t\t\t\t\t\t\t\t\t\t\t\t<img fetchpriority=\"high\" decoding=\"async\" width=\"2021\" height=\"1272\" src=\"https:\/\/www.acrontum.com\/wp-content\/uploads\/2025\/01\/AdobeStock_761481581.jpg\" class=\"attachment-full size-full wp-image-12505\" alt=\"\" srcset=\"https:\/\/www.acrontum.com\/wp-content\/uploads\/2025\/01\/AdobeStock_761481581.jpg 2021w, https:\/\/www.acrontum.com\/wp-content\/uploads\/2025\/01\/AdobeStock_761481581-300x189.jpg 300w, https:\/\/www.acrontum.com\/wp-content\/uploads\/2025\/01\/AdobeStock_761481581-1024x644.jpg 1024w, https:\/\/www.acrontum.com\/wp-content\/uploads\/2025\/01\/AdobeStock_761481581-768x483.jpg 768w, https:\/\/www.acrontum.com\/wp-content\/uploads\/2025\/01\/AdobeStock_761481581-1536x967.jpg 1536w, https:\/\/www.acrontum.com\/wp-content\/uploads\/2025\/01\/AdobeStock_761481581-1320x831.jpg 1320w\" sizes=\"(max-width: 2021px) 100vw, 2021px\" \/>\t\t\t\t\t\t\t\t\t\t\t\t\t\t\t<\/div>\n\t\t\t\t<\/div>\n\t\t\t\t<\/div>\n\t\t\t\t\t<\/div>\n\t\t\t\t<\/section>\n\t\t\t\t<\/div>\n\t\t","protected":false},"excerpt":{"rendered":"<p>Anmeldung best\u00e4tigt Vielen Dank f\u00fcr die Anmeldung. Wir freuen uns, Sie mit strategischen Impulsen f\u00fcr Ihre digitale Transformation zu begleiten. Das erwartet Sie k\u00fcnftig: Wir liefern Ihnen gezielte Insights f\u00fcr den Mittelstand, kompakt und praxisnah: Digitale Souver\u00e4nit\u00e4t: Strategien f\u00fcr souver\u00e4ne Cloud-L\u00f6sungen und IT-Unabh\u00e4ngigkeit. KI &amp; Effizienz: Wie Sie K\u00fcnstliche Intelligenz und Prozessoptimierung wertsch\u00f6pfend einsetzen. Technologie-Trends: [&hellip;]<\/p>\n","protected":false},"author":2,"featured_media":0,"parent":0,"menu_order":0,"comment_status":"closed","ping_status":"closed","template":"","meta":{"inline_featured_image":false,"footnotes":""},"class_list":["post-27179","page","type-page","status-publish","hentry"],"_links":{"self":[{"href":"https:\/\/www.acrontum.com\/de\/wp-json\/wp\/v2\/pages\/27179","targetHints":{"allow":["GET"]}}],"collection":[{"href":"https:\/\/www.acrontum.com\/de\/wp-json\/wp\/v2\/pages"}],"about":[{"href":"https:\/\/www.acrontum.com\/de\/wp-json\/wp\/v2\/types\/page"}],"author":[{"embeddable":true,"href":"https:\/\/www.acrontum.com\/de\/wp-json\/wp\/v2\/users\/2"}],"replies":[{"embeddable":true,"href":"https:\/\/www.acrontum.com\/de\/wp-json\/wp\/v2\/comments?post=27179"}],"version-history":[{"count":0,"href":"https:\/\/www.acrontum.com\/de\/wp-json\/wp\/v2\/pages\/27179\/revisions"}],"wp:attachment":[{"href":"https:\/\/www.acrontum.com\/de\/wp-json\/wp\/v2\/media?parent=27179"}],"curies":[{"name":"wp","href":"https:\/\/api.w.org\/{rel}","templated":true}]}}