{"id":3435,"date":"2024-07-25T18:04:55","date_gmt":"2024-07-25T16:04:55","guid":{"rendered":"https:\/\/www.acrontum.com\/impressum-neu\/"},"modified":"2024-07-29T15:56:03","modified_gmt":"2024-07-29T12:56:03","slug":"impressum","status":"publish","type":"page","link":"https:\/\/www.acrontum.com\/de\/impressum\/","title":{"rendered":"Impressum"},"content":{"rendered":"\t\t<div data-elementor-type=\"wp-page\" data-elementor-id=\"3435\" class=\"elementor elementor-3435 elementor-3430\" data-elementor-post-type=\"page\">\n\t\t\t\t<section class=\"elementor-element elementor-element-20174102 e-flex e-con-boxed e-con e-parent\" data-id=\"20174102\" data-element_type=\"container\" data-e-type=\"container\" data-settings=\"{&quot;background_background&quot;:&quot;classic&quot;}\">\n\t\t\t\t\t<div class=\"e-con-inner\">\n\t\t\t\t<div class=\"elementor-element elementor-element-2fe06c0a elementor-widget elementor-widget-spacer\" data-id=\"2fe06c0a\" data-element_type=\"widget\" data-e-type=\"widget\" data-widget_type=\"spacer.default\">\n\t\t\t\t<div class=\"elementor-widget-container\">\n\t\t\t\t\t\t\t<div class=\"elementor-spacer\">\n\t\t\t<div class=\"elementor-spacer-inner\"><\/div>\n\t\t<\/div>\n\t\t\t\t\t\t<\/div>\n\t\t\t\t<\/div>\n\t\t\t\t<div class=\"elementor-element elementor-element-f936191 elementor-widget elementor-widget-spacer\" data-id=\"f936191\" data-element_type=\"widget\" data-e-type=\"widget\" data-widget_type=\"spacer.default\">\n\t\t\t\t<div class=\"elementor-widget-container\">\n\t\t\t\t\t\t\t<div class=\"elementor-spacer\">\n\t\t\t<div class=\"elementor-spacer-inner\"><\/div>\n\t\t<\/div>\n\t\t\t\t\t\t<\/div>\n\t\t\t\t<\/div>\n\t\t\t\t<div class=\"elementor-element elementor-element-3c930402 elementor-widget elementor-widget-heading\" data-id=\"3c930402\" data-element_type=\"widget\" data-e-type=\"widget\" data-widget_type=\"heading.default\">\n\t\t\t\t<div class=\"elementor-widget-container\">\n\t\t\t\t\t<h2 class=\"elementor-heading-title elementor-size-default\">Impressum<\/h2>\t\t\t\t<\/div>\n\t\t\t\t<\/div>\n\t\t\t\t<div class=\"elementor-element elementor-element-4c936099 elementor-widget elementor-widget-text-editor\" data-id=\"4c936099\" data-element_type=\"widget\" data-e-type=\"widget\" data-widget_type=\"text-editor.default\">\n\t\t\t\t<div class=\"elementor-widget-container\">\n\t\t\t\t\t\t\t\t\t<p><b>Acrontum GmbH <br><\/b>Barthstra\u00dfe 4<br>80339 M\u00fcnchen<br>Deutschland<br><br><\/p>\n<p>Tel.: 0(049)89 99743703-0<br>Fax: 0(049)89 99743703-1<br>E-Mail: info@acrontum.de<br><br><\/p>\n<p>Registergericht: Amtsgericht M\u00fcnchen<br>Registernummer: HRB 245041<br><br><\/p>\n<p>Gesch\u00e4ftsf\u00fchrer: Michael Brode<br><br><\/p>\n<p>Umsatzsteuer-Identifikationsnummer: DE815794469<br><br><\/p>\n<p><b>Verantwortliche\/r i.S.d. \u00a7 18 Abs. 2 MStV:<\/b><br>Michael Brode<br>Barthstra\u00dfe 4<br>80339 M\u00fcnchen <br><br><\/p>\n<p>Plattform der EU-Kommission zur Online-Streitbeilegung: <a href=\"https:\/\/ec.europa.eu\/consumers\/odr\/main\/index.cfm?event=main.home.chooseLanguage\" target=\"_blank\" rel=\"noopener\">Online Dispute Resolution | European Commission <\/a> <br><br><\/p>\n<p>Wir sind zur Teilnahme an einem Streitbeilegungsverfahren vor einer Verbraucherschlichtungsstelle nicht verpflichtet, hierzu jedoch bereit.<br><br><\/p>\n<p>Keine Abmahnung ohne vorherigen Kontakt!<br>Sollte der Inhalt oder die Aufmachung dieser Seiten fremde Rechte Dritter oder gesetzliche Bestimmungen verletzen, so bitten wir um eine entsprechende Nachricht ohne Kostennote. Die Beseitigung einer m\u00f6glicherweise von diesen Seiten ausgehenden Schutzrecht-Verletzung durch Schutzrecht-Inhaber\/Innen selbst darf nicht ohne unsere Zustimmung stattfinden. Wir garantieren, dass die zu Recht beanstandeten Passagen unverz\u00fcglich entfernt werden, ohne dass von Ihrer Seite die Einschaltung eines Rechtsbeistandes erforderlich ist. Dennoch von Ihnen ohne vorherige Kontaktaufnahme ausgel\u00f6ste Kosten werden wir vollumf\u00e4nglich zur\u00fcckweisen und gegebenenfalls Gegenklage wegen Verletzung vorgenannter Bestimmungen einreichen.    <br>Vielen Dank f\u00fcr Ihr Verst\u00e4ndnis.<\/p>\t\t\t\t\t\t\t\t<\/div>\n\t\t\t\t<\/div>\n\t\t<div class=\"elementor-element elementor-element-32e6f9c6 e-flex e-con-boxed e-con e-child\" data-id=\"32e6f9c6\" data-element_type=\"container\" data-e-type=\"container\">\n\t\t\t\t\t<div class=\"e-con-inner\">\n\t\t\t\t\t<\/div>\n\t\t\t\t<\/div>\n\t\t\t\t\t<\/div>\n\t\t\t\t<\/section>\n\t\t\t\t<\/div>\n\t\t","protected":false},"excerpt":{"rendered":"<p>Impressum Acrontum GmbH Barthstra\u00dfe 480339 M\u00fcnchenDeutschland Tel.: 0(049)89 99743703-0Fax: 0(049)89 99743703-1E-Mail: info@acrontum.de Registergericht: Amtsgericht M\u00fcnchenRegisternummer: HRB 245041 Gesch\u00e4ftsf\u00fchrer: Michael Brode Umsatzsteuer-Identifikationsnummer: DE815794469 Verantwortliche\/r i.S.d. \u00a7 18 Abs. 2 MStV:Michael BrodeBarthstra\u00dfe 480339 M\u00fcnchen Plattform der EU-Kommission zur Online-Streitbeilegung: Online Dispute Resolution | European Commission Wir sind zur Teilnahme an einem Streitbeilegungsverfahren vor einer Verbraucherschlichtungsstelle nicht verpflichtet, [&hellip;]<\/p>\n","protected":false},"author":1,"featured_media":0,"parent":0,"menu_order":0,"comment_status":"closed","ping_status":"closed","template":"","meta":{"inline_featured_image":false,"footnotes":""},"class_list":["post-3435","page","type-page","status-publish","hentry"],"_links":{"self":[{"href":"https:\/\/www.acrontum.com\/de\/wp-json\/wp\/v2\/pages\/3435","targetHints":{"allow":["GET"]}}],"collection":[{"href":"https:\/\/www.acrontum.com\/de\/wp-json\/wp\/v2\/pages"}],"about":[{"href":"https:\/\/www.acrontum.com\/de\/wp-json\/wp\/v2\/types\/page"}],"author":[{"embeddable":true,"href":"https:\/\/www.acrontum.com\/de\/wp-json\/wp\/v2\/users\/1"}],"replies":[{"embeddable":true,"href":"https:\/\/www.acrontum.com\/de\/wp-json\/wp\/v2\/comments?post=3435"}],"version-history":[{"count":0,"href":"https:\/\/www.acrontum.com\/de\/wp-json\/wp\/v2\/pages\/3435\/revisions"}],"wp:attachment":[{"href":"https:\/\/www.acrontum.com\/de\/wp-json\/wp\/v2\/media?parent=3435"}],"curies":[{"name":"wp","href":"https:\/\/api.w.org\/{rel}","templated":true}]}}